{"id":123966,"date":"2025-10-28T18:50:07","date_gmt":"2025-10-28T21:50:07","guid":{"rendered":"https:\/\/www.wengerhaus.cl\/cafeteria\/product\/puyehue\/"},"modified":"2025-11-13T14:11:02","modified_gmt":"2025-11-13T17:11:02","slug":"puyehue","status":"publish","type":"product","link":"https:\/\/www.wengerhaus.cl\/cafeteria\/product\/puyehue\/","title":{"rendered":"Ensalada Puyehue"},"content":{"rendered":"<p>Salm\u00f3n sellado en s\u00e9samo y teriyaki, palta, tomates cherry, verduras salteadas sobre hojas verdes<br \/>\nAcompa\u00f1ada con pan de masa madre<\/p>\n","protected":false},"excerpt":{"rendered":"<p>Salm\u00f3n sellado en s\u00e9samo y teriyaki, palta, tomates cherry, verduras salteadas sobre hojas verdes Acompa\u00f1ada con pan de masa madre<\/p>\n","protected":false},"featured_media":124209,"template":"","meta":{"_acf_changed":false},"product_brand":[],"product_cat":[4519],"product_tag":[],"class_list":{"0":"post-123966","1":"product","2":"type-product","3":"status-publish","4":"has-post-thumbnail","6":"product_cat-ens","8":"first","9":"instock","10":"taxable","11":"shipping-taxable","12":"purchasable","13":"product-type-simple"},"acf":[],"yoast_head":"<!-- This site is optimized with the Yoast SEO plugin v27.3 - https:\/\/yoast.com\/product\/yoast-seo-wordpress\/ -->\n<title>Ensalada Puyehue - Wenger Haus<\/title>\n<meta name=\"description\" content=\"Salm\u00f3n sellado en s\u00e9samo y teriyaki, palta, tomates cherry, verduras salteadas sobre hojas verdesAcompa\u00f1ada con pan de masa madre\" \/>\n<meta name=\"robots\" content=\"index, follow, max-snippet:-1, max-image-preview:large, max-video-preview:-1\" \/>\n<link rel=\"canonical\" href=\"https:\/\/www.wengerhaus.cl\/cafeteria\/product\/puyehue\/\" \/>\n<meta property=\"og:locale\" content=\"es_ES\" \/>\n<meta property=\"og:type\" content=\"article\" \/>\n<meta property=\"og:title\" content=\"Ensalada Puyehue - Wenger Haus\" \/>\n<meta property=\"og:description\" content=\"Salm\u00f3n sellado en s\u00e9samo y teriyaki, palta, tomates cherry, verduras salteadas sobre hojas verdesAcompa\u00f1ada con pan de masa madre\" \/>\n<meta property=\"og:url\" content=\"https:\/\/www.wengerhaus.cl\/cafeteria\/product\/puyehue\/\" \/>\n<meta property=\"og:site_name\" content=\"Wenger Haus\" \/>\n<meta property=\"article:publisher\" content=\"https:\/\/www.facebook.com\/ergowear\" \/>\n<meta property=\"article:modified_time\" content=\"2025-11-13T17:11:02+00:00\" \/>\n<meta property=\"og:image\" content=\"https:\/\/www.wengerhaus.cl\/cafeteria\/wp-content\/uploads\/2025\/10\/Puyehue.jpg\" \/>\n\t<meta property=\"og:image:width\" content=\"1000\" \/>\n\t<meta property=\"og:image:height\" content=\"1000\" \/>\n\t<meta property=\"og:image:type\" content=\"image\/jpeg\" \/>\n<meta name=\"twitter:card\" content=\"summary_large_image\" \/>\n<meta name=\"twitter:site\" content=\"@ergowear\" \/>\n<meta name=\"twitter:label1\" content=\"Tiempo de lectura\" \/>\n\t<meta name=\"twitter:data1\" content=\"1 minuto\" \/>\n<script type=\"application\/ld+json\" class=\"yoast-schema-graph\">{\"@context\":\"https:\\\/\\\/schema.org\",\"@graph\":[{\"@type\":\"WebPage\",\"@id\":\"https:\\\/\\\/www.wengerhaus.cl\\\/cafeteria\\\/product\\\/puyehue\\\/\",\"url\":\"https:\\\/\\\/www.wengerhaus.cl\\\/cafeteria\\\/product\\\/puyehue\\\/\",\"name\":\"Ensalada Puyehue - Wenger Haus\",\"isPartOf\":{\"@id\":\"https:\\\/\\\/www.wengerhaus.cl\\\/cafeteria\\\/#website\"},\"primaryImageOfPage\":{\"@id\":\"https:\\\/\\\/www.wengerhaus.cl\\\/cafeteria\\\/product\\\/puyehue\\\/#primaryimage\"},\"image\":{\"@id\":\"https:\\\/\\\/www.wengerhaus.cl\\\/cafeteria\\\/product\\\/puyehue\\\/#primaryimage\"},\"thumbnailUrl\":\"https:\\\/\\\/www.wengerhaus.cl\\\/cafeteria\\\/wp-content\\\/uploads\\\/2025\\\/10\\\/Puyehue.jpg\",\"datePublished\":\"2025-10-28T21:50:07+00:00\",\"dateModified\":\"2025-11-13T17:11:02+00:00\",\"description\":\"Salm\u00f3n sellado en s\u00e9samo y teriyaki, palta, tomates cherry, verduras salteadas sobre hojas verdesAcompa\u00f1ada con pan de masa madre\",\"breadcrumb\":{\"@id\":\"https:\\\/\\\/www.wengerhaus.cl\\\/cafeteria\\\/product\\\/puyehue\\\/#breadcrumb\"},\"inLanguage\":\"es\",\"potentialAction\":[{\"@type\":\"ReadAction\",\"target\":[\"https:\\\/\\\/www.wengerhaus.cl\\\/cafeteria\\\/product\\\/puyehue\\\/\"]}]},{\"@type\":\"ImageObject\",\"inLanguage\":\"es\",\"@id\":\"https:\\\/\\\/www.wengerhaus.cl\\\/cafeteria\\\/product\\\/puyehue\\\/#primaryimage\",\"url\":\"https:\\\/\\\/www.wengerhaus.cl\\\/cafeteria\\\/wp-content\\\/uploads\\\/2025\\\/10\\\/Puyehue.jpg\",\"contentUrl\":\"https:\\\/\\\/www.wengerhaus.cl\\\/cafeteria\\\/wp-content\\\/uploads\\\/2025\\\/10\\\/Puyehue.jpg\",\"width\":1000,\"height\":1000},{\"@type\":\"BreadcrumbList\",\"@id\":\"https:\\\/\\\/www.wengerhaus.cl\\\/cafeteria\\\/product\\\/puyehue\\\/#breadcrumb\",\"itemListElement\":[{\"@type\":\"ListItem\",\"position\":1,\"name\":\"Home\",\"item\":\"https:\\\/\\\/www.wengerhaus.cl\\\/cafeteria\\\/\"},{\"@type\":\"ListItem\",\"position\":2,\"name\":\"Tienda\",\"item\":\"https:\\\/\\\/www.wengerhaus.cl\\\/cafeteria\\\/tienda\\\/\"},{\"@type\":\"ListItem\",\"position\":3,\"name\":\"Ensalada Puyehue\"}]},{\"@type\":\"WebSite\",\"@id\":\"https:\\\/\\\/www.wengerhaus.cl\\\/cafeteria\\\/#website\",\"url\":\"https:\\\/\\\/www.wengerhaus.cl\\\/cafeteria\\\/\",\"name\":\"Wenger Haus\",\"description\":\"Pasteler\u00eda Wenger Haus\",\"publisher\":{\"@id\":\"https:\\\/\\\/www.wengerhaus.cl\\\/cafeteria\\\/#organization\"},\"alternateName\":\"Wenger\",\"potentialAction\":[{\"@type\":\"SearchAction\",\"target\":{\"@type\":\"EntryPoint\",\"urlTemplate\":\"https:\\\/\\\/www.wengerhaus.cl\\\/cafeteria\\\/?s={search_term_string}\"},\"query-input\":{\"@type\":\"PropertyValueSpecification\",\"valueRequired\":true,\"valueName\":\"search_term_string\"}}],\"inLanguage\":\"es\"},{\"@type\":\"Organization\",\"@id\":\"https:\\\/\\\/www.wengerhaus.cl\\\/cafeteria\\\/#organization\",\"name\":\"Ergowear\",\"url\":\"https:\\\/\\\/www.wengerhaus.cl\\\/cafeteria\\\/\",\"logo\":{\"@type\":\"ImageObject\",\"inLanguage\":\"es\",\"@id\":\"https:\\\/\\\/www.wengerhaus.cl\\\/cafeteria\\\/#\\\/schema\\\/logo\\\/image\\\/\",\"url\":\"\",\"contentUrl\":\"\",\"caption\":\"Ergowear\"},\"image\":{\"@id\":\"https:\\\/\\\/www.wengerhaus.cl\\\/cafeteria\\\/#\\\/schema\\\/logo\\\/image\\\/\"},\"sameAs\":[\"https:\\\/\\\/www.facebook.com\\\/ergowear\",\"https:\\\/\\\/x.com\\\/ergowear\",\"https:\\\/\\\/www.instagram.com\\\/ergowear\\\/\",\"https:\\\/\\\/www.youtube.com\\\/channel\\\/UC5GSGnnaMcq5LjFT0x5Jxxw\"]}]}<\/script>\n<!-- \/ Yoast SEO plugin. -->","yoast_head_json":{"title":"Ensalada Puyehue - Wenger Haus","description":"Salm\u00f3n sellado en s\u00e9samo y teriyaki, palta, tomates cherry, verduras salteadas sobre hojas verdesAcompa\u00f1ada con pan de masa madre","robots":{"index":"index","follow":"follow","max-snippet":"max-snippet:-1","max-image-preview":"max-image-preview:large","max-video-preview":"max-video-preview:-1"},"canonical":"https:\/\/www.wengerhaus.cl\/cafeteria\/product\/puyehue\/","og_locale":"es_ES","og_type":"article","og_title":"Ensalada Puyehue - Wenger Haus","og_description":"Salm\u00f3n sellado en s\u00e9samo y teriyaki, palta, tomates cherry, verduras salteadas sobre hojas verdesAcompa\u00f1ada con pan de masa madre","og_url":"https:\/\/www.wengerhaus.cl\/cafeteria\/product\/puyehue\/","og_site_name":"Wenger Haus","article_publisher":"https:\/\/www.facebook.com\/ergowear","article_modified_time":"2025-11-13T17:11:02+00:00","og_image":[{"width":1000,"height":1000,"url":"https:\/\/www.wengerhaus.cl\/cafeteria\/wp-content\/uploads\/2025\/10\/Puyehue.jpg","type":"image\/jpeg"}],"twitter_card":"summary_large_image","twitter_site":"@ergowear","twitter_misc":{"Tiempo de lectura":"1 minuto"},"schema":{"@context":"https:\/\/schema.org","@graph":[{"@type":"WebPage","@id":"https:\/\/www.wengerhaus.cl\/cafeteria\/product\/puyehue\/","url":"https:\/\/www.wengerhaus.cl\/cafeteria\/product\/puyehue\/","name":"Ensalada Puyehue - Wenger Haus","isPartOf":{"@id":"https:\/\/www.wengerhaus.cl\/cafeteria\/#website"},"primaryImageOfPage":{"@id":"https:\/\/www.wengerhaus.cl\/cafeteria\/product\/puyehue\/#primaryimage"},"image":{"@id":"https:\/\/www.wengerhaus.cl\/cafeteria\/product\/puyehue\/#primaryimage"},"thumbnailUrl":"https:\/\/www.wengerhaus.cl\/cafeteria\/wp-content\/uploads\/2025\/10\/Puyehue.jpg","datePublished":"2025-10-28T21:50:07+00:00","dateModified":"2025-11-13T17:11:02+00:00","description":"Salm\u00f3n sellado en s\u00e9samo y teriyaki, palta, tomates cherry, verduras salteadas sobre hojas verdesAcompa\u00f1ada con pan de masa madre","breadcrumb":{"@id":"https:\/\/www.wengerhaus.cl\/cafeteria\/product\/puyehue\/#breadcrumb"},"inLanguage":"es","potentialAction":[{"@type":"ReadAction","target":["https:\/\/www.wengerhaus.cl\/cafeteria\/product\/puyehue\/"]}]},{"@type":"ImageObject","inLanguage":"es","@id":"https:\/\/www.wengerhaus.cl\/cafeteria\/product\/puyehue\/#primaryimage","url":"https:\/\/www.wengerhaus.cl\/cafeteria\/wp-content\/uploads\/2025\/10\/Puyehue.jpg","contentUrl":"https:\/\/www.wengerhaus.cl\/cafeteria\/wp-content\/uploads\/2025\/10\/Puyehue.jpg","width":1000,"height":1000},{"@type":"BreadcrumbList","@id":"https:\/\/www.wengerhaus.cl\/cafeteria\/product\/puyehue\/#breadcrumb","itemListElement":[{"@type":"ListItem","position":1,"name":"Home","item":"https:\/\/www.wengerhaus.cl\/cafeteria\/"},{"@type":"ListItem","position":2,"name":"Tienda","item":"https:\/\/www.wengerhaus.cl\/cafeteria\/tienda\/"},{"@type":"ListItem","position":3,"name":"Ensalada Puyehue"}]},{"@type":"WebSite","@id":"https:\/\/www.wengerhaus.cl\/cafeteria\/#website","url":"https:\/\/www.wengerhaus.cl\/cafeteria\/","name":"Wenger Haus","description":"Pasteler\u00eda Wenger Haus","publisher":{"@id":"https:\/\/www.wengerhaus.cl\/cafeteria\/#organization"},"alternateName":"Wenger","potentialAction":[{"@type":"SearchAction","target":{"@type":"EntryPoint","urlTemplate":"https:\/\/www.wengerhaus.cl\/cafeteria\/?s={search_term_string}"},"query-input":{"@type":"PropertyValueSpecification","valueRequired":true,"valueName":"search_term_string"}}],"inLanguage":"es"},{"@type":"Organization","@id":"https:\/\/www.wengerhaus.cl\/cafeteria\/#organization","name":"Ergowear","url":"https:\/\/www.wengerhaus.cl\/cafeteria\/","logo":{"@type":"ImageObject","inLanguage":"es","@id":"https:\/\/www.wengerhaus.cl\/cafeteria\/#\/schema\/logo\/image\/","url":"","contentUrl":"","caption":"Ergowear"},"image":{"@id":"https:\/\/www.wengerhaus.cl\/cafeteria\/#\/schema\/logo\/image\/"},"sameAs":["https:\/\/www.facebook.com\/ergowear","https:\/\/x.com\/ergowear","https:\/\/www.instagram.com\/ergowear\/","https:\/\/www.youtube.com\/channel\/UC5GSGnnaMcq5LjFT0x5Jxxw"]}]}},"_links":{"self":[{"href":"https:\/\/www.wengerhaus.cl\/cafeteria\/wp-json\/wp\/v2\/product\/123966","targetHints":{"allow":["GET"]}}],"collection":[{"href":"https:\/\/www.wengerhaus.cl\/cafeteria\/wp-json\/wp\/v2\/product"}],"about":[{"href":"https:\/\/www.wengerhaus.cl\/cafeteria\/wp-json\/wp\/v2\/types\/product"}],"wp:featuredmedia":[{"embeddable":true,"href":"https:\/\/www.wengerhaus.cl\/cafeteria\/wp-json\/wp\/v2\/media\/124209"}],"wp:attachment":[{"href":"https:\/\/www.wengerhaus.cl\/cafeteria\/wp-json\/wp\/v2\/media?parent=123966"}],"wp:term":[{"taxonomy":"product_brand","embeddable":true,"href":"https:\/\/www.wengerhaus.cl\/cafeteria\/wp-json\/wp\/v2\/product_brand?post=123966"},{"taxonomy":"product_cat","embeddable":true,"href":"https:\/\/www.wengerhaus.cl\/cafeteria\/wp-json\/wp\/v2\/product_cat?post=123966"},{"taxonomy":"product_tag","embeddable":true,"href":"https:\/\/www.wengerhaus.cl\/cafeteria\/wp-json\/wp\/v2\/product_tag?post=123966"}],"curies":[{"name":"wp","href":"https:\/\/api.w.org\/{rel}","templated":true}]}}